{"id":657,"date":"2022-03-16T13:05:56","date_gmt":"2022-03-16T12:05:56","guid":{"rendered":"https:\/\/www.immer-bio.de\/legal-notice\/"},"modified":"2025-05-07T09:17:51","modified_gmt":"2025-05-07T07:17:51","slug":"legal-notice","status":"publish","type":"page","link":"https:\/\/www.immer-bio.de\/en\/legal-notice\/","title":{"rendered":"Legal Notice"},"content":{"rendered":"<style>.kb-row-layout-id219_daf422-19 > .kt-row-column-wrap{align-content:start;}:where(.kb-row-layout-id219_daf422-19 > .kt-row-column-wrap) > .wp-block-kadence-column{justify-content:start;}.kb-row-layout-id219_daf422-19 > .kt-row-column-wrap{column-gap:var(--global-kb-gap-md, 2rem);row-gap:var(--global-kb-gap-md, 2rem);padding-top:var(--global-kb-spacing-sm, 1.5rem);padding-bottom:var(--global-kb-spacing-sm, 1.5rem);grid-template-columns:repeat(2, minmax(0, 1fr));}.kb-row-layout-id219_daf422-19 > .kt-row-layout-overlay{opacity:0.30;}@media all and (max-width: 1024px){.kb-row-layout-id219_daf422-19 > .kt-row-column-wrap{grid-template-columns:repeat(2, minmax(0, 1fr));}}@media all and (max-width: 767px){.kb-row-layout-id219_daf422-19 > .kt-row-column-wrap{grid-template-columns:minmax(0, 1fr);}}<\/style><div class=\"kb-row-layout-wrap kb-row-layout-id219_daf422-19 alignnone wp-block-kadence-rowlayout\"><div class=\"kt-row-column-wrap kt-has-2-columns kt-row-layout-equal kt-tab-layout-inherit kt-mobile-layout-row kt-row-valign-top\">\n<style>.kadence-column219_0a96c2-fc > .kt-inside-inner-col,.kadence-column219_0a96c2-fc > .kt-inside-inner-col:before{border-top-left-radius:0px;border-top-right-radius:0px;border-bottom-right-radius:0px;border-bottom-left-radius:0px;}.kadence-column219_0a96c2-fc > .kt-inside-inner-col{column-gap:var(--global-kb-gap-sm, 1rem);}.kadence-column219_0a96c2-fc > .kt-inside-inner-col{flex-direction:column;}.kadence-column219_0a96c2-fc > .kt-inside-inner-col > .aligncenter{width:100%;}.kadence-column219_0a96c2-fc > .kt-inside-inner-col:before{opacity:0.3;}.kadence-column219_0a96c2-fc{position:relative;}@media all and (max-width: 1024px){.kadence-column219_0a96c2-fc > .kt-inside-inner-col{flex-direction:column;justify-content:center;}}@media all and (max-width: 767px){.kadence-column219_0a96c2-fc > .kt-inside-inner-col{flex-direction:column;justify-content:center;}}<\/style>\n<div class=\"wp-block-kadence-column kadence-column219_0a96c2-fc inner-column-1\"><div class=\"kt-inside-inner-col\">\n<p><strong>immer bio GmbH <\/strong><br\/>F\u00e4hrstra\u00dfe 2<br\/>D-29478 H\u00f6hbeck OT Pevestorf<\/p>\n\n\n\n<p><strong>Contact<\/strong>:<br\/>Telephone: <a href=\"tel:+4958465089780\">(+49) 05846 5089 78 &#8211; 0<\/a> <br\/>eMail: <a href=\"mailto:info@immer-bio.de\">info@immer-bio.de<\/a><\/p>\n\n\n\n<p><strong>Eco-Control-Body<\/strong>: DE-\u00d6KO-007 <\/p>\n<\/div><\/div>\n\n\n<style>.kadence-column219_dee2c7-9a > .kt-inside-inner-col,.kadence-column219_dee2c7-9a > .kt-inside-inner-col:before{border-top-left-radius:0px;border-top-right-radius:0px;border-bottom-right-radius:0px;border-bottom-left-radius:0px;}.kadence-column219_dee2c7-9a > .kt-inside-inner-col{column-gap:var(--global-kb-gap-sm, 1rem);}.kadence-column219_dee2c7-9a > .kt-inside-inner-col{flex-direction:column;}.kadence-column219_dee2c7-9a > .kt-inside-inner-col > .aligncenter{width:100%;}.kadence-column219_dee2c7-9a > .kt-inside-inner-col:before{opacity:0.3;}.kadence-column219_dee2c7-9a{position:relative;}@media all and (max-width: 1024px){.kadence-column219_dee2c7-9a > .kt-inside-inner-col{flex-direction:column;justify-content:center;}}@media all and (max-width: 767px){.kadence-column219_dee2c7-9a > .kt-inside-inner-col{flex-direction:column;justify-content:center;}}<\/style>\n<div class=\"wp-block-kadence-column kadence-column219_dee2c7-9a inner-column-2\"><div class=\"kt-inside-inner-col\">\n<p><strong>Legal information:<br\/><\/strong>Management: Karl Christian Harder<br\/>Register court: Local court L\u00fcneburg<br\/>Register number: HRB 212736<\/p>\n\n\n\n<p><strong>Value Added Tax (VAT)-ID<\/strong>: DE321653658 <\/p>\n\n\n\n<p><strong>Technical realization:<br\/><\/strong>Created by <a rel=\"noreferrer noopener\" href=\"https:\/\/www.farbweiss.ch\/\" target=\"_blank\">Farbweiss Media<\/a><\/p>\n<\/div><\/div>\n\n<\/div><\/div>\n<p><strong>Notice of liability<br\/><\/strong>Despite careful control of the content, we assume no liability for the content of external links. The owners of the linked pages are solely responsible for their content.<\/p>\n\n<p><strong>Warranty<br\/><\/strong>The information on our website has been compiled with the utmost care. We endeavor to keep the information on the website up to date. However, the company immer bio GmbH does not guarantee their completeness, correctness or suitability for specific purposes. The use of the content provided on the website is at the sole risk of the user.<\/p>\n","protected":false},"excerpt":{"rendered":"<p>immer bio GmbH F\u00e4hrstra\u00dfe 2D-29478 H\u00f6hbeck OT Pevestorf Contact:Telephone: (+49) 05846 5089 78 &#8211; 0 eMail: info@immer-bio.de Eco-Control-Body: DE-\u00d6KO-007 Legal information:Management: Karl Christian HarderRegister court: Local court L\u00fcneburgRegister number: HRB 212736 Value Added Tax (VAT)-ID: DE321653658 Technical realization:Created by Farbweiss Media Notice of liabilityDespite careful control of the content, we assume no liability for the&#8230;<\/p>\n","protected":false},"author":1,"featured_media":0,"parent":0,"menu_order":0,"comment_status":"closed","ping_status":"closed","template":"","meta":{"_seopress_robots_primary_cat":"","_seopress_titles_title":"Legal notice: mandatory information %%sep%% %%sitetitle%%","_seopress_titles_desc":"Here you will find mandatory legal information about the operator of the website: immer bio GmbH - F\u00e4hrstra\u00dfe 2 - 29478 H\u00f6hbeck.","_seopress_robots_index":"","_kad_blocks_custom_css":"","_kad_blocks_head_custom_js":"","_kad_blocks_body_custom_js":"","_kad_blocks_footer_custom_js":"","_kad_post_transparent":"","_kad_post_title":"","_kad_post_layout":"","_kad_post_sidebar_id":"","_kad_post_content_style":"","_kad_post_vertical_padding":"","_kad_post_feature":"","_kad_post_feature_position":"","_kad_post_header":false,"_kad_post_footer":false,"_kad_post_classname":"","footnotes":""},"class_list":["post-657","page","type-page","status-publish","hentry"],"taxonomy_info":[],"featured_image_src_large":false,"author_info":{"display_name":"manuel","author_link":"https:\/\/www.immer-bio.de\/en\/author\/manuel\/"},"comment_info":0,"_links":{"self":[{"href":"https:\/\/www.immer-bio.de\/en\/wp-json\/wp\/v2\/pages\/657","targetHints":{"allow":["GET"]}}],"collection":[{"href":"https:\/\/www.immer-bio.de\/en\/wp-json\/wp\/v2\/pages"}],"about":[{"href":"https:\/\/www.immer-bio.de\/en\/wp-json\/wp\/v2\/types\/page"}],"author":[{"embeddable":true,"href":"https:\/\/www.immer-bio.de\/en\/wp-json\/wp\/v2\/users\/1"}],"replies":[{"embeddable":true,"href":"https:\/\/www.immer-bio.de\/en\/wp-json\/wp\/v2\/comments?post=657"}],"version-history":[{"count":6,"href":"https:\/\/www.immer-bio.de\/en\/wp-json\/wp\/v2\/pages\/657\/revisions"}],"predecessor-version":[{"id":831,"href":"https:\/\/www.immer-bio.de\/en\/wp-json\/wp\/v2\/pages\/657\/revisions\/831"}],"wp:attachment":[{"href":"https:\/\/www.immer-bio.de\/en\/wp-json\/wp\/v2\/media?parent=657"}],"curies":[{"name":"wp","href":"https:\/\/api.w.org\/{rel}","templated":true}]}}